{"id":24573,"date":"2025-01-14T13:10:03","date_gmt":"2025-01-14T07:10:03","guid":{"rendered":"http:\/\/ipbb.kz\/eng\/?page_id=24573"},"modified":"2025-12-30T12:40:57","modified_gmt":"2025-12-30T06:40:57","slug":"%d0%b0%d1%8023487419-superviser-nurzhanova-a","status":"publish","type":"page","link":"https:\/\/ipbb.kz\/eng\/%d0%b0%d1%8023487419-superviser-nurzhanova-a\/","title":{"rendered":"\u0410\u042023487419  (superviser Nurzhanova A)"},"content":{"rendered":"<p style=\"text-align: center;\"><strong>Brief description of the project <\/strong><\/p>\n<p style=\"text-align: center;\">(2024-2026)<\/p>\n<p><strong>\u00a0<\/strong><\/p>\n<p><strong>Project title:<\/strong> IRN 19676481 \u00ab Developing strategies for phytomanagement of xenobiotic-contaminated soils via PGPR-immobilized biochar and metagenomics synergy\u00bb.<\/p>\n<p><strong>Relevance.\u00a0<\/strong>Biomass utilization marks the culmination of a &#171;zero-waste&#187; cycle in phytoremediation. Consequently, the trend towards selecting bioenergy crops for remediating TE-contaminated soils and devising methodologies for recycling contaminated biomass is gaining popularity in bioenergy. This pursuit centers on seeking alternative raw materials convertible into energy products, aligning with sustainable development in the bioeconomy.<\/p>\n<p><strong>The goal of the project: <\/strong>To assess the impact of PGPR-immobilized biochar on physiological-biochemical properties, plant-microbial interactions, and rhizosphere microbiome of <em>Miscanthus \u00d7 giganteus<\/em> (<em>M\u00d7g<\/em>) utilizing metagenomic technology for improving efficacy of phytomanagement in xenobiotics-contaminated soils.<\/p>\n<p><strong>Expected results<\/strong>: Employing metagenomic technology, the impact of PGPR-immobilized biochar on physiological-biochemical properties, plant-microbial interactions, and rhizosphere microbiome of <em>Miscanthus \u00d7 giganteus<\/em> (<em>M\u00d7g<\/em>) were examined.<\/p>\n<p><strong>Scientific Supervisor of the project<\/strong><strong>:<\/strong> principal associate researcher, Dr.Sc. in Biology, Professor Nurzhanova A<\/p>\n<p><strong>Research group<\/strong><strong>:\u00a0 <\/strong>Nurmagambetova A.S., Zhumasheva J., Mamirova A.A., Berzhanova R.Zh.<\/p>\n<p><strong>List of publications of the project\u2019s participants (<\/strong><strong>2020-2023) <\/strong><\/p>\n<p>1 Pidlisnyuk, V., Mamirova, A., Pranaw, K., Shapoval, P. Y., Tr\u00f6gl, J., Nurzhanova, A. Potential role of plant growth-promoting bacteria in <em>Miscanthus \u00d7 giganteus<\/em> phytotechnology applied to the trace elements contaminated soils. \/\/ International Biodeterioration &amp; Biodegradation. &#8212; 2020. \u2013 Vol. 155. &#8212; P. 105103. <a href=\"https:\/\/doi.org\/10.1016\/j.ibiod.2020.105103\">https:\/\/doi.org\/10.1016\/j.ibiod.2020.105103<\/a><\/p>\n<p>WoS: Q1, IF 4.32, percentile 87%, FWCI 0.61<\/p>\n<ol start=\"2\">\n<li>Tarla D.N., Erickson L.E., Hettiarachchi G.M., Amadi S.I., Galkaduwa M., Davis L.C., Nurzhanova A., Pidlisnyuk V. Phytoremediation and Bioremediation of Pesticide-Contaminated Soil \/\/ Appl. Sci. \u2013 2020. \u2013 Vol. 10 (4) \u2013 P.1217-13333. <a href=\"https:\/\/doi.org\/10.3390\/app10041217\">https:\/\/doi.org\/10.3390\/app10041217<\/a><\/li>\n<\/ol>\n<p>WoS: Q2, IF 2.838, percentile 79%, FWCI 1.33<\/p>\n<ol start=\"3\">\n<li>Nurzhanova A., Mukasheva T., Berzhanova R., Kalugin S., Omirbekova A., Mikolasch A. Optimization of microbial assisted phytoremediation of soils contaminated with pesticides \/\/ Int. J. Phytoremediation. \u20132021. \u2013Vol. 23 (5). \u2013 P. 482\u2013491. <a href=\"https:\/\/doi.org\/10.1080\/15226514.2020.1825330\">https:\/\/doi.org\/10.1080\/15226514.2020.1825330<\/a> WoS: Q2, IF 4.003, percentile 84%, FWCI 0.39<\/li>\n<li>Muratova A., Lyubun Y., Sungurtseva I., Turkovskaya O., Nurzhanova A. Physiological and biochemical characteristic of <em>Miscanthus \u00d7 giganteus<\/em> grown in heavy metal \u2013 oil sludge co-contaminated soil \/\/ Journal of Environmental Sciences. \u2013 2022. \u2013 Vol. 115.\u2013 P. 114-125. <a href=\"https:\/\/doi.org\/10.1016\/j.jes.2021.07.013\">https:\/\/doi.org\/10.1\u00ad016\/j.jes.\u00ad2021.07.013<\/a> WoS: Q1, IF 6.796, percentile 94%<\/li>\n<li>Sailaukhanuly Y, Nurzhanov Ch., Nurzhanova A., Carlsen L. Evaluation of the potential cancer risk of obsolete organochlorine pesticides in abandoned storehouses throughout the Almaty oblast, Kazakhstan \/\/ Int.J. Human and ecological risk assessment. \u2013 2022. \u2013 Vol.28, Is.10. \u2013 P.1213-1227. <a href=\"https:\/\/doi.org\/10.1080\/10807039.2022.2136137\">https:\/\/doi.org\/10.1080\/10807039.2022.2136137<\/a><\/li>\n<\/ol>\n<p>WoS: Q2, IF 4.997, percentile 61%, FWCI 0<\/p>\n<ol start=\"6\">\n<li>Muratova A., Golubev S., Romanova V., Nurzhanova A. Effect of Heavy-Metal-Resistant PGPR Inoculants on Growth, Rhizosphere Microbiome and Remediation Potential of <em>Miscanthus \u00d7 giganteus<\/em> in Zinc-Contaminated Soil. \/\/ Microorganisms. \u2013 2023. \u2013 Vol. 11.\u2013 P. 1516. <a href=\"https:\/\/doi.org\/10.3390\/microorganisms11061516\">https:\/\/doi.org\/10.\u00ad3390\/micro\u00adorganisms11061516<\/a> WoS Q2, IF 4.926, percentile 65%<\/li>\n<\/ol>\n<p>7 Nurzhanova A., Pidlisnyuk V., Berzhanova R., Nurmagambetova A., Terletskaya N., Omirbekova N., Berkinbayev G., Mamirova A. PGPR\u2011driven phytoremediation and physiobio\u00adchemical response of <em>Miscanthus \u00d7 giganteus<\/em> to stress induced by the trace elements \/\/ Environmental Science and Pollution Research. \u2013 2023. <a href=\"https:\/\/doi.org\/10.1007\/s11356-023-29031-\/\">https:\/\/doi.org\/10.1007\/s11356-023-29031-\/<\/a><\/p>\n<p>WoS Q1, IF 5.8, percentile 94%<\/p>\n<ol start=\"8\">\n<li>Pidlisnyuk, V., Newton, R. A., &amp; Mamirova, A. (2021). Miscanthus biochar value chain-A review. <em>Journal of Environmental Management<\/em>, <em>290<\/em>, 112611. <a href=\"https:\/\/doi.org\/10.1016\/j.jenvman.2021.112611\">https:\/\/doi.org\/10.1016\/j.jenvman.\u00ad2021.112611<\/a> WoS: Q1, IF = 6.789, percentile = 95%<\/li>\n<li>Mamirova, A., Pidlisnyuk, V., Amirbekov, A., \u0160evc\u016f, A., &amp; Nurzhanova, A. (2021). Phytoremediation potential of <em>Miscanthus sinensis<\/em> And. in organochlorine pesticides contaminated soil amended by Tween 20 and Activated carbon. \/\/ Environmental Science and Pollution Research. &#8212; 2021. \u2013 Vol. 28, Is. 13. \u2013 P. 16092\u201316106. <a href=\"https:\/\/doi.org\/10.1007\/s11356-020-11609-y\">https:\/\/doi.org\/10.1007\/s11356-020-11609-y<\/a> WoS: Q1, IF 5.8, percentile 94%FWCI 1.67<\/li>\n<li>Davis, L. C., Pidlisnyuk, V. V., Mamirova, A., Shapoval, P. Y., &amp; Stefanovska, T. R. (2021). Establishing Miscanthus, Production of Biomass, and Application to Contaminated Sites. In L. E. Erickson &amp; V. V. Pidlisnyuk (Eds.), Phytotechnology with Biomass Production: Sustainable Management of Contaminated Sites (p. 242). CRC press Taylor &amp; Francis Group. <a href=\"https:\/\/doi.org\/10.1201\/9781003082613-5\">https:\/\/doi.org\/10.1201\/9781003082613-5<\/a> (Web of Science database)<\/li>\n<li>Nurzhanova \u0410., Muratova A., Berzhanova R., Pidlisnyuk V., Nurmagambetova A., Mamirova A. Rhizosphere microorganisms: increasing phytotechnology productivity and efficiency \u2013 a review \/\/\u0414\u043e\u043a\u043b\u0430\u0434\u044b \u043d\u0430\u0446\u0438\u043e\u043d\u0430\u043b\u044c\u043d\u043e\u0439 \u0430\u043a\u0430\u0434\u0435\u043c\u0438\u0438 \u043d\u0430\u0443\u043a \u0420\u0435\u0441\u043f\u0443\u0431\u043b\u0438\u043a\u0438 \u041a\u0430\u0437\u0430\u0445\u0441\u0442\u0430\u043d. \u2013 2022 \u2013 \u2116 3. \u2013 \u0421.34-58 (KZ).<\/li>\n<li>Davis, L. C., Zeeb, B. A., Erickson, L. E., Mamirova, A., &amp; Pidlisnyuk, V. V. (2021). Remediation of Sites Contaminated by Organic Compounds. In L. E. Erickson &amp; V. V. Pidlisnyuk (Eds.), Phytotechnology with Biomass Production: Sustainable Management of Contaminated Sites (p. 242). CRC press Taylor &amp; Francis Group. <a href=\"https:\/\/doi.org\/10.1201\/9781003082613-3\">https:\/\/doi.org\/10.1201\/9781003082613-3<\/a> (Web of Science database)<\/li>\n<\/ol>\n<p>13 Mukasheva T., Berzhanova R., Sydykbekova R., M. Shigaeva. Bacterial entophytic of Trans-Ili Alatau regions plants as promising components of microbial preparation for agricultural use \/\/ Acta Biochimica Polonica, Vol. 63, N 2\/2016. \u0420.321\u2013328<\/p>\n<p><a href=\"https:\/\/doi.org\/10.18388\/abp.2015_1157\">https:\/\/doi.org\/10.18388\/abp.2015_1157<\/a> WoS: Q2, IF 2.149, percentile 53%<\/p>\n<p>14 Pidlisnyuk, V., Herts, A., Khomenchuk, V., Mamirova, A., Kononchuk, O., &amp; Ust\u2019ak, S. (2021). Dynamic of Morphological and Physiological Parameters and Variation of Soil Characteristics during <em>Miscanthus \u00d7 giganteus<\/em> Cultivation in the Diesel-Contaminated Land. <em>Agronomy<\/em>, <em>11<\/em>(4), 798. <a href=\"https:\/\/doi.org\/10.3390\/agronomy11040798\">https:\/\/doi.org\/10.3390\/agronomy11040798<\/a> WoS: Q1, IF 3.417, percentile 65%<\/p>\n<ol start=\"15\">\n<li>Baubekova, A., Akindykova, A., Mamirova, A., Dumat, C., &amp; Jurjanz, S. (2021). Evaluation of environmental contamination by toxic trace elements in Kazakhstan based on reviews of available scientific data. <em>Environmental Science and Pollution Research<\/em>, <em>28<\/em>(32), 43315\u201343328. <a href=\"https:\/\/doi.org\/10.1007\/s11356-021-14979-z\">https:\/\/doi.org\/\u00ad10.1007\/s\u00ad11356-021-14979-z<\/a> WoS: Q1, IF 5.8, percentile 94%<\/li>\n<li>Mikolasch, A., Berzhanova, R., Omirbekova, A., Reinhard, A., Z\u00fchlke, D., Meister, M., Mukasheva, T., Riedel, K., Urich, T., &amp; Schauer, F. <em>Moniliella spathulata<\/em>, an oil-degrading yeast, which promotes growth of barley in oil-polluted soil \/\/ Applied Microbiology and Biotechnology January 2021 105(W1):1-15. <a href=\"https:\/\/doi.org\/10.1007\/s00253-020-11011-1\">https:\/\/doi.org\/10.1007\/s00253-020-11011-1<\/a> WoS: Q1, IF 4.813, percentile 85%.<\/li>\n<li>Pidlisnyuk, V., Newton, R. A., &amp; Mamirova, A. (2021). Miscanthus biochar value chain\u2014A review. Journal of Environmental Management, 290, 112611. <a href=\"https:\/\/doi.org\/10.1016\/j.jenvman.2021.112611\">https:\/\/doi.org\/10.1016\/j.jenvman\u00ad.2021.112611<\/a> WoS: Q1, IF 6.789, percentile 95%<\/li>\n<li>Kononchuk, O.; Pidlisnyuk, V.; Mamirova, A.; Khomenchuk, V.; Herts, A.; Grycov\u00e1, B.; Klemencov\u00e1, K.; Le\u0161tinsk\u00fd, P.; Shapoval, P. Evaluation of the Impact of Varied Biochars Produced from <em>M. \u00d7 giganteus<\/em> Waste and Application Rate on the Soil Properties and Physiological Parameters of <em>Spinacia oleracea<\/em> L. Environmental Technology &amp; Innovation 2022, 28, 102898, <a href=\"https:\/\/doi.org\/10.1016\/j.eti.2022.102898\">https:\/\/doi.org\/10.1016\/j.eti.2022.102898<\/a> WoS: Q1, IF 5.263, percentile 83%<\/li>\n<li>Mamirova A.A., Nurzhanova A.A., Pidlisnyuk V.V. POP pesticides and reclamation methods (review). Reports of the National Academy of Sciences of the Republic of Kazakhstan. \u2013 2019. \u2013 V.6(328). \u2013 P.21-34. (Eng) <a href=\"https:\/\/doi.org\/10.32014\/2019.2518-1483.164\">https:\/\/doi.org\/10.32014\/2019.2518-1483.164<\/a><\/li>\n<\/ol>\n<p><strong>Results for 2024:<\/strong> The influence of biochar on the composition of the bacterial community in the rhizosphere soil, rhizoplane and endosphere of <em>M. giganteus<\/em> roots, and on their physiological and biochemical properties in soil contaminated with heavy metals was studied. The research is ongoing.<\/p>\n<p><strong>Publications (202<\/strong><strong>4<\/strong><strong>):<\/strong><\/p>\n\n\n<p><\/p>\n\n\n\n<p><strong>Results for 2025<\/strong><\/p>\n\n\n\n<p>Biochar is an effective pollutant sorbent that enhances soil fertility and plant growth by reducing nutrient leaching and improving their bioavailability. It also serves as a matrix for the immobilization of microorganisms, supporting their proliferation and biofilm formation, which makes biochar a promising carrier for the introduction of specialized decomposer microorganisms for the bioaugmentation of contaminated soils. Immobilization of microorganisms on various carriers, which increases their resistance to adverse conditions, can provide a basis for developing effective bioremediation methods, particularly in arid regions.<\/p>\n\n\n\n<p>To develop the technique for immobilizing microbial cells on the surface of biochar, three types of biochar were used: birch biochar, biochar from bottom sediments (SSP), and biochar from <em>Miscanthus<\/em> stems at a concentration of 5% (w\/w). Two types of PGP microorganisms were used as immobilizers: <em>Trichosporon<\/em> sp. CA1 and <em>Rhizobium<\/em> sp. Zn1.<\/p>\n\n\n\n<p>The developed protocol for microbial cell immobilization on the surface of biochar included the following steps: determination of the optical density (OD) of the microbial suspension in a 0.9% NaCl solution and verification of its homogeneity before the immobilization procedure; comparison of OD changes in suspensions with different initial culture concentrations; assessment of the stability of microbial cell immobilization on the biochar surface by measuring the degree of desorption after re-incubation in fresh physiological solution; and evaluation of the viability of the cells immobilized on biochar.<\/p>\n\n\n\n<p>It was established that the optical density of a 0.5% microbial suspension in 0.9% NaCl (volume 250 mL) was 1.02\u00b10.03. Comparison of 1% and 0.5% suspensions showed that at a 0.5% concentration, the immobilization efficiency reached 98.8% after 6 hours. Evaluation of the stability of cell immobilization on biochar from <em>Miscanthus<\/em> stems (specific surface area \u2013 672 m\u00b2\/g, pore size \u2013 0.85 nm) showed a desorption rate of 3.87%. Comparative analysis of the efficiency of PGP microorganism immobilization on biochars of different origins indicated that microbial cells adhered better to biochars derived from plant material (birch biochar and <em>Miscanthus<\/em> stem biochar) than to biochar from bottom sediments. These results highlight the need for a selective approach when choosing a sorbent for microbial culture immobilization.<\/p>\n\n\n\n<p><strong>Information for potential users<\/strong><strong><\/strong><\/p>\n\n\n\n<p>Method for immobilization of a bacterial-yeast consortium on biochar<\/p>\n\n\n\n<p><strong>Publications 2025<\/strong><strong><\/strong><\/p>\n\n\n\n<p><strong><em>List of publications in peer-reviewed scientific journals indexed in the Web of Science and (or) Scopus databases<\/em><\/strong><\/p>\n\n\n\n<p>Asil Nurzhanova, Eugenia Boulygina, Irina Sungurtseva, Aigerim Mamirova, Ramza Berzhanova, Anna Muratova. <em>Miscanthus \u00d7 giganteus<\/em> Rhizobacterial Community Responses to Zn and Oil Sludge Co-Contamination \/\/<em> <\/em>Agronomy, 2025, 15, 2232. https:\/\/doi.org\/<br>10.3390\/agronomy15092232. <strong>IF = 3.4, Percentile = 84%, WoS &#8212; Q1.<\/strong><\/p>\n\n\n\n<p><strong><em>Abstracts of the international conference <\/em><\/strong><strong>(<em>indicating the form of the report)<\/em><\/strong><\/p>\n\n\n\n<p>Nurzhanova A.A. (online) presented on the topic \u201cBiochar: Phytoremediation of Soils Contaminated with Organic and Inorganic Pollutants\u201d at the International Scientific and Practical Hybrid Conference \u201cCurrent Issues in Natural Sciences and Modern Approaches to Biological Education,\u201d dedicated to the 80th anniversary of Honored Professor A.S. Sartaev, Kazakh National Women\u2019s Pedagogical University, 05.11.2025.<\/p>\n\n\n\n<p><strong>Patents:<\/strong><\/p>\n\n\n\n<ol class=\"wp-block-list\">\n<li>Method for immobilization of bacterial-yeast consortium cells on the surface of biochar. Registration No. 2025\/1860.2, filed on 04.12.2025.<\/li>\n\n\n\n<li>Method for production of biochar from post-phytoremediation biomass of the energy crop <em>Miscanthus \u00d7 giganteus<\/em>. Registration No. 2025\/1820.2, filed on 27.11.2025.<\/li>\n<\/ol>\n\n\n\n<p><\/p>\n","protected":false},"excerpt":{"rendered":"<p>Brief description of the project (2024-2026) \u00a0 Project title: IRN 19676481 \u00ab Developing strategies for phytomanagement of xenobiotic-contaminated soils via PGPR-immobilized biochar and metagenomics synergy\u00bb. Relevance.\u00a0Biomass utilization marks the culmination of a &#171;zero-waste&#187; cycle in phytoremediation. Consequently, the trend towards selecting bioenergy crops for remediating TE-contaminated soils and devising methodologies for recycling contaminated biomass is gaining popularity in bioenergy. This<\/p>\n<div class=\"h10\"><\/div>\n<p><a class=\"more-link1\" href=\"https:\/\/ipbb.kz\/eng\/%d0%b0%d1%8023487419-superviser-nurzhanova-a\/\">Read more<\/a><\/p>\n","protected":false},"author":1,"featured_media":0,"parent":0,"menu_order":0,"comment_status":"closed","ping_status":"closed","template":"","meta":{"footnotes":""},"class_list":["post-24573","page","type-page","status-publish","hentry"],"_links":{"self":[{"href":"https:\/\/ipbb.kz\/eng\/wp-json\/wp\/v2\/pages\/24573","targetHints":{"allow":["GET"]}}],"collection":[{"href":"https:\/\/ipbb.kz\/eng\/wp-json\/wp\/v2\/pages"}],"about":[{"href":"https:\/\/ipbb.kz\/eng\/wp-json\/wp\/v2\/types\/page"}],"author":[{"embeddable":true,"href":"https:\/\/ipbb.kz\/eng\/wp-json\/wp\/v2\/users\/1"}],"replies":[{"embeddable":true,"href":"https:\/\/ipbb.kz\/eng\/wp-json\/wp\/v2\/comments?post=24573"}],"version-history":[{"count":2,"href":"https:\/\/ipbb.kz\/eng\/wp-json\/wp\/v2\/pages\/24573\/revisions"}],"predecessor-version":[{"id":24907,"href":"https:\/\/ipbb.kz\/eng\/wp-json\/wp\/v2\/pages\/24573\/revisions\/24907"}],"wp:attachment":[{"href":"https:\/\/ipbb.kz\/eng\/wp-json\/wp\/v2\/media?parent=24573"}],"curies":[{"name":"wp","href":"https:\/\/api.w.org\/{rel}","templated":true}]}}